{"id":1374,"date":"2022-06-20T10:45:26","date_gmt":"2022-06-20T15:45:26","guid":{"rendered":"http:\/\/primero-insurance.three.zysites.com\/about-us\/"},"modified":"2023-12-18T11:21:02","modified_gmt":"2023-12-18T17:21:02","slug":"about-us","status":"publish","type":"page","link":"https:\/\/www.primeroinstx.com\/es\/about-us\/","title":{"rendered":"Sobre nosotros"},"content":{"rendered":"<p><span data-ada-original-font-size=\"13\" data-ada-original-font-weight=\"400\" data-ada-not-tabbable=\"true\"><img loading=\"lazy\" decoding=\"async\" class=\"wp-image-401 alignleft\" src=\"https:\/\/www.primeroinstx.com\/wp-content\/uploads\/sites\/256\/2023\/12\/3c655060-5f52-4f99-8a13-2d992e20a1f93.jpeg\" alt=\"\" width=\"400\" height=\"533\" \/>Perseverante, dedicada, orientada a objetivos y con mucha integridad, es lo que define a Mar\u00eda Pichardo fundadoras de \u201cPrimero Agencia de Seguros\u201d. Despu\u00e9s de adquirir 18 a\u00f1os de experiencia en seguros, sinti\u00f3 que era hora de separarse y seguir brindando el mismo servicio estelar, pero ahora dentro de la comunidad.<br \/>\n<\/span><span data-ada-original-font-size=\"13\" data-ada-original-font-weight=\"400\"><br \/>\nEn \u201cPrimero Insurance Agency\u201d, no s\u00f3lo nos especializamos en seguros de Auto, Hogar, Inquilinos, Seguros de M\u00e9xico, Comerciales y Motos. Pero hacemos un esfuerzo adicional al brindarles a nuestros clientes servicio de notario, servicio de pago de facturas, transferencia de dinero en M\u00e9xico, formularios legales, servicio de fax y fotocopias, son algunos de los muchos servicios adicionales que brindamos.<\/span><\/p>\n<p>El objetivo de \u00abPrimero Insurance Agency\u00bb es ser la ventanilla \u00fanica de la comunidad. Estamos comprometidos a brindar un servicio asequible, r\u00e1pido y siempre con una sonrisa.<br \/>\nAseg\u00farese de visitarnos hoy para conocer a sus amigables agentes locales.<\/p>\n","protected":false},"excerpt":{"rendered":"<p>Perseverante, dedicada, orientada a objetivos y con mucha integridad, es lo que define a Mar\u00eda Pichardo fundadoras de \u201cPrimero Agencia [&hellip;]<\/p>\n","protected":false},"author":35,"featured_media":0,"parent":0,"menu_order":0,"comment_status":"closed","ping_status":"closed","template":"","meta":{"_acf_changed":false,"_seopress_robots_primary_cat":null,"_seopress_titles_title":"","_seopress_titles_desc":"","_seopress_robots_index":"","_analytify_skip_tracking":false,"footnotes":""},"class_list":["post-1374","page","type-page","status-publish","hentry"],"acf":[],"_links":{"self":[{"href":"https:\/\/www.primeroinstx.com\/es\/wp-json\/wp\/v2\/pages\/1374","targetHints":{"allow":["GET"]}}],"collection":[{"href":"https:\/\/www.primeroinstx.com\/es\/wp-json\/wp\/v2\/pages"}],"about":[{"href":"https:\/\/www.primeroinstx.com\/es\/wp-json\/wp\/v2\/types\/page"}],"author":[{"embeddable":true,"href":"https:\/\/www.primeroinstx.com\/es\/wp-json\/wp\/v2\/users\/35"}],"replies":[{"embeddable":true,"href":"https:\/\/www.primeroinstx.com\/es\/wp-json\/wp\/v2\/comments?post=1374"}],"version-history":[{"count":0,"href":"https:\/\/www.primeroinstx.com\/es\/wp-json\/wp\/v2\/pages\/1374\/revisions"}],"wp:attachment":[{"href":"https:\/\/www.primeroinstx.com\/es\/wp-json\/wp\/v2\/media?parent=1374"}],"curies":[{"name":"wp","href":"https:\/\/api.w.org\/{rel}","templated":true}]}}